{"id":2288,"date":"2024-07-08T09:34:24","date_gmt":"2024-07-08T09:34:24","guid":{"rendered":"https:\/\/vnembassy-uae.com\/?page_id=2288"},"modified":"2024-07-12T05:19:14","modified_gmt":"2024-07-12T05:19:14","slug":"tourism","status":"publish","type":"page","link":"https:\/\/vnembassy-uae.com\/en\/tourism\/","title":{"rendered":"Tourism"},"content":{"rendered":"\t\t<div data-elementor-type=\"wp-page\" data-elementor-id=\"2288\" class=\"elementor elementor-2288\">\n\t\t\t\t\t\t<section class=\"elementor-section elementor-top-section elementor-element elementor-element-09af874 elementor-section-full_width elementor-section-height-default elementor-section-height-default\" data-id=\"09af874\" data-element_type=\"section\">\n\t\t\t\t\t\t<div class=\"elementor-container elementor-column-gap-default\">\n\t\t\t\t\t<div class=\"elementor-column elementor-col-100 elementor-top-column elementor-element elementor-element-4e5f895\" data-id=\"4e5f895\" data-element_type=\"column\">\n\t\t\t<div class=\"elementor-widget-wrap elementor-element-populated\">\n\t\t\t\t\t\t<div class=\"elementor-element elementor-element-da65a9c elementor-widget elementor-widget-whitehall_about_us_v3\" data-id=\"da65a9c\" data-element_type=\"widget\" data-widget_type=\"whitehall_about_us_v3.default\">\n\t\t\t\t<div class=\"elementor-widget-container\">\n\t\t\t\t\t        \n\t\t<!-- about-style-three -->\n        <section class=\"about-style-three\">\n            <div class=\"auto-container\">\n                <div class=\"row clearfix align-items-center\">\n                    <div class=\"col-lg-8 col-md-12 col-sm-12 content-column\">\n                        <div class=\"content_block_5\">\n                            <div class=\"content-box\">\n                                <div class=\"sec-title\">\n\t\t\t\t\t\t\t\t\t\t\t\t\t\t\t\t\t\t<h6><i class=\"flaticon-star\"><\/i><span>\u0110\u1ea0I S\u1ee8 VI\u1ec6T NAM T\u1ea0I UAE<\/span><\/h6>\n\t\t\t\t\t\t\t\t\t\t\t\t\t\t\t\t\t\t\n                                    \t\t\t\t\t\t\t\t\t<h2>M\u1ed9t s\u1ed1 n\u00e9t v\u1ec1 du l\u1ecbch Vi\u1ec7t Nam<\/h2>\n                                    <div class=\"title-shape\"><\/div>\n\t\t\t\t\t\t\t\t\t                                <\/div>\n                                <div class=\"text\">\n\t\t\t\t\t\t\t\t\t\t\t\t\t\t\t\t\t\t<div class=\"tieu-su\">\n\t\t\t\t\t\t\t\t\t<h4>Vi\u1ec7t Nam l\u00e0 m\u1ed9t trong nh\u1eefng \u0111i\u1ec3m \u0111\u1ebfn h\u1ea5p d\u1eabn nh\u1ea5t ch\u00e2u \u00c1<\/h4>\n\t\t\t\t\t\t\t\t\t<p>N\u0103m v\u1eeba qua, h\u00ecnh \u1ea3nh du l\u1ecbch Vi\u1ec7t Nam ti\u1ebfp t\u1ee5c lan t\u1ecfa v\u00e0 kh\u1eb3ng \u0111\u1ecbnh tr\u00ean b\u1ea3n \u0111\u1ed3 du l\u1ecbch th\u1ebf gi\u1edbi. Ng\u00e0nh du l\u1ecbch Vi\u1ec7t Nam vinh d\u1ef1 nh\u1eadn \u0111\u01b0\u1ee3c nhi\u1ec1u gi\u1ea3i th\u01b0\u1edfng qu\u1ed1c t\u1ebf uy t\u00edn v\u1edbi 19 gi\u1ea3i th\u01b0\u1edfng h\u00e0ng \u0111\u1ea7u th\u1ebf gi\u1edbi v\u00e0 54 gi\u1ea3i th\u01b0\u1edfng h\u00e0ng \u0111\u1ea7u ch\u00e2u \u00c1 do T\u1ed5 ch\u1ee9c Gi\u1ea3i th\u01b0\u1edfng Du l\u1ecbch Th\u1ebf gi\u1edbi (WTA) trao t\u1eb7ng.\n<br><br>\nTrong \u0111\u00f3, Vi\u1ec7t Nam l\u1ea7n th\u1ee9 4 \u0111\u01b0\u1ee3c vinh danh l\u00e0 \u201c\u0110i\u1ec3m \u0111\u1ebfn Di s\u1ea3n h\u00e0ng \u0111\u1ea7u th\u1ebf gi\u1edbi\u201d, l\u1ea7n th\u1ee9 5 tr\u1edf th\u00e0nh \u201d\u0110i\u1ec3m \u0111\u1ebfn h\u00e0ng \u0111\u1ea7u ch\u00e2u \u00c1\u201d. C\u1ee5c Du l\u1ecbch Qu\u1ed1c gia Vi\u1ec7t Nam l\u1ea7n th\u1ee9 4 \u0111\u01b0\u1ee3c trao t\u1eb7ng danh hi\u1ec7u \u201cC\u01a1 quan qu\u1ea3n l\u00fd du l\u1ecbch h\u00e0ng \u0111\u1ea7u ch\u00e2u \u00c1\u201d. C\u0169ng t\u1ea1i WTA 2023, nhi\u1ec1u \u0111i\u1ec3m \u0111\u1ebfn, doanh nghi\u1ec7p du l\u1ecbch Vi\u1ec7t Nam \u0111\u00e3 nh\u1eadn \u0111\u01b0\u1ee3c c\u00e1c h\u1ea1ng m\u1ee5c gi\u1ea3i th\u01b0\u1edfng danh gi\u00e1 kh\u00e1c.\n<br><br>\nT\u1ed5 ch\u1ee9c Du l\u1ecbch Th\u1ebf gi\u1edbi (UNWTO) trong n\u0103m 2023 \u0111\u00e3 vinh danh T\u00e2n H\u00f3a (x\u00e3 T\u00e2n Ho\u00e1, huy\u1ec7n Minh H\u00f3a, Qu\u1ea3ng B\u00ecnh) l\u00e0 L\u00e0ng du l\u1ecbch t\u1ed1t nh\u1ea5t th\u1ebf gi\u1edbi.\n<br><br>\nN\u0103m 2023 c\u0169ng ghi d\u1ea5u \u1ea5n t\u01b0\u1ee3ng c\u1ee7a \u1ea9m th\u1ef1c Vi\u1ec7t tr\u00ean b\u1ea3n \u0111\u1ed3 \u1ea9m th\u1ef1c th\u1ebf gi\u1edbi khi c\u00e1c chuy\u00ean gia \u1ea9m th\u1ef1c v\u00e0 ng\u01b0\u1eddi th\u01b0\u1edfng th\u1ee9c x\u1ebfp h\u1ea1ng \u1ea9m th\u1ef1c Vi\u1ec7t Nam \u0111\u1ee9ng th\u1ee9 22 trong b\u1ea3ng x\u1ebfp h\u1ea1ng 100 n\u1ec1n \u1ea9m th\u1ef1c ngon nh\u1ea5t th\u1ebf gi\u1edbi c\u1ee7a chuy\u00ean trang \u1ea9m th\u1ef1c danh ti\u1ebfng th\u1ebf gi\u1edbi TasteAtlas.\n<br><br>\nH\u00e0ng lo\u1ea1t t\u1ea1p ch\u00ed du l\u1ecbch, chuy\u00ean trang du l\u1ecbch c\u1ee7a nhi\u1ec1u h\u00e3ng truy\u1ec1n th\u00f4ng l\u1edbn khu v\u1ef1c v\u00e0 th\u1ebf gi\u1edbi nh\u01b0 The Travel, CNN, Forbes, Travel+Leisure, CNTraveler,\u2026 c\u0169ng g\u1ecdi t\u00ean nhi\u1ec1u \u0111i\u1ec3m \u0111\u1ebfn c\u1ee7a Vi\u1ec7t Nam trong c\u1ea3 n\u0103m qua.\n\nV\u1edbi nh\u1eefng k\u1ebft qu\u1ea3 \u0111\u00e3 \u0111\u1ea1t \u0111\u01b0\u1ee3c trong n\u0103m 2023 v\u00e0 n\u1ed7 l\u1ef1c ph\u00e1t tri\u1ec3n b\u1ec1n v\u1eefng c\u1ee7a to\u00e0n ng\u00e0nh, du l\u1ecbch Vi\u1ec7t Nam \u0111\u01b0\u1ee3c k\u1ef3 v\u1ecdng s\u1ebd \u0111\u1ea1t \u0111\u01b0\u1ee3c m\u1ee5c ti\u00eau cao h\u01a1n trong n\u0103m 2024.\n<br><\/br>V\u1edbi khung c\u1ea3nh thi\u00ean nhi\u00ean h\u00f9ng v\u0129 thi\u00ean t\u1ea1o lu\u00f4n khi\u1ebfn cho Vi\u1ec7t Nam c\u00f3 nh\u1eefng s\u1eafc th\u00e1i du l\u1ecbch \u0111a d\u1ea1ng ri\u00eang, t\u1eeb th\u1ecb tr\u1ea5n du l\u1ecbch Sapa huy\u1ec1n \u1ea3o m\u1edd \u1ea3o c\u1ee7a s\u01b0\u01a1ng m\u00f9 \u0111\u1ebfn s\u1ef1 h\u00f9ng v\u0129 kh\u00f4 c\u1eb1n c\u1ee7a \u0111i\u1ec3m \u0111\u1ebfn du l\u1ecbch H\u00e0 Giang c\u0169ng c\u00f3 s\u1ef1 cu\u1ed1n h\u00fat ri\u00eang bi\u1ec7t, hay t\u1eeb bi\u1ec3n \u0111\u1ea3o xa x\u00f4i n\u1ed5i ti\u1ebfng v\u1edbi nh\u1eefng b\u00e3i bi\u1ec3n \u0111\u1eb9p hoang s\u01a1 lu\u00f4n n\u1eb1m trong top \u0111\u1eb9p nh\u1ea5t c\u1ee7a th\u1ebf gi\u1edbi nh\u01b0 Ph\u00fa Qu\u1ed1c, C\u00f4n \u0110\u1ea3o, \u0110\u1ea3o du l\u1ecbch C\u00e1t B\u00e0 ...\u0111\u1ebfn nh\u1eefng c\u00f4ng tr\u00ecnh ki\u1ebfn tr\u00fac v\u0103n h\u00f3a \u0111\u1ed9c \u0111\u00e1o t\u1ea1o n\u00ean mi\u1ec1n di s\u1ea3n c\u1ee7a th\u1ebf gi\u1edbi. hay m\u1ed9t th\u1ebf gi\u1edbi \u1ea9m th\u1ef1c lu\u00f4n khi\u1ebfn cho du kh\u00e1ch c\u00f3 nh\u1eefng h\u01b0\u01a1ng v\u1ecb kh\u00f3 qu\u00ean t\u1ea5t c\u1ea3 \u0111\u00e3 t\u1ea1o cho Vi\u1ec7t Nam lu\u00f4n xinh \u0111\u1eb9p trong l\u00f2ng du kh\u00e1ch \u0111\u1ebfn th\u0103m quan. \n<br><br>\nM\u1edbi \u0111\u00e2y c\u00e1c trang t\u1ea1p tr\u00ed h\u00e0ng \u0111\u1ea7u th\u1ebf gi\u1edbi \u0111\u00e3 b\u1ea7u ch\u1ecdn Vi\u1ec7t Nam n\u1eb1m trong top 20 qu\u1ed1c gia \u0111\u1eb9p nh\u1ea5t gi\u1edbi m\u00e0 b\u1ea1n n\u00ean kh\u00e1m ph\u00e1. L\u00e0 \u0110i\u1ec3m \u0111\u1ebfn c\u00e1i nh\u1ea5t c\u1ee7a th\u1ebf gi\u1edbi ch\u1ec9 c\u00f3 \u1edf Vi\u1ec7t Nam\n<\/p>\n\t\t\t\t\t\t\t\t\t<\/div>\n                                <\/div>\n                            <\/div>\n                        <\/div>\n                    <\/div>\n                    <div class=\"col-lg-4 col-md-6 col-sm-12 inner-column\">\n\t\t\t\t\t\t                        <div class=\"feature-block-one\">\n                            <div class=\"inner-box\">\n                                <figure class=\"image-box\"><img decoding=\"async\" src=\"https:\/\/vnembassy-uae.com\/wp-content\/uploads\/2024\/07\/hanoi.jpg\" alt=\"Awesome Image\"><\/figure>\n                                \n                            <\/div>\n                        <\/div>\n                                                <div class=\"feature-block-one\">\n                            <div class=\"inner-box\">\n                                <figure class=\"image-box\"><img decoding=\"async\" src=\"https:\/\/vnembassy-uae.com\/wp-content\/uploads\/2024\/07\/hcm.jpg\" alt=\"Awesome Image\"><\/figure>\n                                \n                            <\/div>\n                        <\/div>\n                                            <\/div>\n                    \n                <\/div>\n            <\/div>\n        <\/section>\n        <!-- about-style-three end -->\n\n        \t\t\t\t<\/div>\n\t\t\t\t<\/div>\n\t\t\t\t\t<\/div>\n\t\t<\/div>\n\t\t\t\t\t<\/div>\n\t\t<\/section>\n\t\t\t\t<section class=\"elementor-section elementor-top-section elementor-element elementor-element-e482901 elementor-section-full_width elementor-section-height-default elementor-section-height-default\" data-id=\"e482901\" data-element_type=\"section\">\n\t\t\t\t\t\t<div class=\"elementor-container elementor-column-gap-default\">\n\t\t\t\t\t<div class=\"elementor-column elementor-col-100 elementor-top-column elementor-element elementor-element-5988bed\" data-id=\"5988bed\" data-element_type=\"column\">\n\t\t\t<div class=\"elementor-widget-wrap elementor-element-populated\">\n\t\t\t\t\t\t<div class=\"elementor-element elementor-element-f08e7f3 elementor-widget elementor-widget-video\" data-id=\"f08e7f3\" data-element_type=\"widget\" data-settings=\"{&quot;youtube_url&quot;:&quot;https:\\\/\\\/www.youtube.com\\\/watch?v=k6pF7SWgMa8&quot;,&quot;autoplay&quot;:&quot;yes&quot;,&quot;play_on_mobile&quot;:&quot;yes&quot;,&quot;loop&quot;:&quot;yes&quot;,&quot;yt_privacy&quot;:&quot;yes&quot;,&quot;lazy_load&quot;:&quot;yes&quot;,&quot;video_type&quot;:&quot;youtube&quot;}\" data-widget_type=\"video.default\">\n\t\t\t\t<div class=\"elementor-widget-container\">\n\t\t\t\t\t\t\t<div class=\"elementor-wrapper elementor-open-inline\">\n\t\t\t<div class=\"elementor-video\"><\/div>\t\t<\/div>\n\t\t\t\t\t\t<\/div>\n\t\t\t\t<\/div>\n\t\t\t\t<div class=\"elementor-element elementor-element-7b4cd1e elementor-widget elementor-widget-spacer\" data-id=\"7b4cd1e\" data-element_type=\"widget\" data-widget_type=\"spacer.default\">\n\t\t\t\t<div class=\"elementor-widget-container\">\n\t\t\t\t\t\t\t<div class=\"elementor-spacer\">\n\t\t\t<div class=\"elementor-spacer-inner\"><\/div>\n\t\t<\/div>\n\t\t\t\t\t\t<\/div>\n\t\t\t\t<\/div>\n\t\t\t\t\t<\/div>\n\t\t<\/div>\n\t\t\t\t\t<\/div>\n\t\t<\/section>\n\t\t\t\t<\/div>\n\t\t","protected":false},"excerpt":{"rendered":"","protected":false},"author":1,"featured_media":0,"parent":0,"menu_order":0,"comment_status":"closed","ping_status":"closed","template":"tpl-default-elementor.php","meta":{"footnotes":""},"class_list":["post-2288","page","type-page","status-publish","hentry"],"_links":{"self":[{"href":"https:\/\/vnembassy-uae.com\/en\/wp-json\/wp\/v2\/pages\/2288","targetHints":{"allow":["GET"]}}],"collection":[{"href":"https:\/\/vnembassy-uae.com\/en\/wp-json\/wp\/v2\/pages"}],"about":[{"href":"https:\/\/vnembassy-uae.com\/en\/wp-json\/wp\/v2\/types\/page"}],"author":[{"embeddable":true,"href":"https:\/\/vnembassy-uae.com\/en\/wp-json\/wp\/v2\/users\/1"}],"replies":[{"embeddable":true,"href":"https:\/\/vnembassy-uae.com\/en\/wp-json\/wp\/v2\/comments?post=2288"}],"version-history":[{"count":1,"href":"https:\/\/vnembassy-uae.com\/en\/wp-json\/wp\/v2\/pages\/2288\/revisions"}],"predecessor-version":[{"id":2289,"href":"https:\/\/vnembassy-uae.com\/en\/wp-json\/wp\/v2\/pages\/2288\/revisions\/2289"}],"wp:attachment":[{"href":"https:\/\/vnembassy-uae.com\/en\/wp-json\/wp\/v2\/media?parent=2288"}],"curies":[{"name":"wp","href":"https:\/\/api.w.org\/{rel}","templated":true}]}}