{"id":2283,"date":"2024-07-03T07:08:16","date_gmt":"2024-07-03T07:08:16","guid":{"rendered":"https:\/\/vnembassy-uae.com\/?page_id=2283"},"modified":"2024-07-12T05:15:57","modified_gmt":"2024-07-12T05:15:57","slug":"about-vietnam","status":"publish","type":"page","link":"https:\/\/vnembassy-uae.com\/en\/about-vietnam\/","title":{"rendered":"About Vietnam"},"content":{"rendered":"\t\t<div data-elementor-type=\"wp-page\" data-elementor-id=\"2283\" class=\"elementor elementor-2283\">\n\t\t\t\t\t\t<section class=\"elementor-section elementor-top-section elementor-element elementor-element-09af874 elementor-section-full_width elementor-section-height-default elementor-section-height-default\" data-id=\"09af874\" data-element_type=\"section\">\n\t\t\t\t\t\t<div class=\"elementor-container elementor-column-gap-default\">\n\t\t\t\t\t<div class=\"elementor-column elementor-col-100 elementor-top-column elementor-element elementor-element-4e5f895\" data-id=\"4e5f895\" data-element_type=\"column\">\n\t\t\t<div class=\"elementor-widget-wrap elementor-element-populated\">\n\t\t\t\t\t\t<div class=\"elementor-element elementor-element-da65a9c elementor-widget elementor-widget-whitehall_about_us_v3\" data-id=\"da65a9c\" data-element_type=\"widget\" data-widget_type=\"whitehall_about_us_v3.default\">\n\t\t\t\t<div class=\"elementor-widget-container\">\n\t\t\t\t\t        \n\t\t<!-- about-style-three -->\n        <section class=\"about-style-three\">\n            <div class=\"auto-container\">\n                <div class=\"row clearfix align-items-center\">\n                    <div class=\"col-lg-8 col-md-12 col-sm-12 content-column\">\n                        <div class=\"content_block_5\">\n                            <div class=\"content-box\">\n                                <div class=\"sec-title\">\n\t\t\t\t\t\t\t\t\t\t\t\t\t\t\t\t\t\t<h6><i class=\"flaticon-star\"><\/i><span>\u0110\u1ea0I S\u1ee8 VI\u1ec6T NAM T\u1ea0I UAE<\/span><\/h6>\n\t\t\t\t\t\t\t\t\t\t\t\t\t\t\t\t\t\t\n                                    \t\t\t\t\t\t\t\t\t<h2>Vi\u1ec7t Nam - \u0110\u1ea5t n\u01b0\u1edbc v\u00e0 con ng\u01b0\u1eddi, <\/br> t\u00ecm hi\u1ec3u 63 t\u1ec9nh, th\u00e0nh ph\u1ed1<\/h2>\n                                    <div class=\"title-shape\"><\/div>\n\t\t\t\t\t\t\t\t\t                                <\/div>\n                                <div class=\"text\">\n\t\t\t\t\t\t\t\t\t\t\t\t\t\t\t\t\t\t<div class=\"tieu-su\">\n\t\t\t\t\t\t\t\t\t<h4>Th\u00f4ng tin c\u01a1 b\u1ea3n v\u1ec1 Vi\u1ec7t Nam<\/h4>\n\t\t\t\t\t\t\t\t\t<p>N\u01b0\u1edbc C\u1ed9ng ho\u00e0 X\u00e3 h\u1ed9i ch\u1ee7 ngh\u0129a Vi\u1ec7t Nam l\u00e0 m\u1ed9t d\u1ea3i \u0111\u1ea5t h\u00ecnh ch\u1eef S, n\u1eb1m \u1edf trung t\u00e2m khu v\u1ef1c \u0110\u00f4ng Nam \u00c1, \u1edf ph\u00eda \u0111\u00f4ng b\u00e1n \u0111\u1ea3o \u0110\u00f4ng D\u01b0\u01a1ng, ph\u00eda b\u1eafc gi\u00e1p Trung Qu\u1ed1c, ph\u00eda t\u00e2y gi\u00e1p L\u00e0o, Campuchia, ph\u00eda \u0111\u00f4ng nam tr\u00f4ng ra bi\u1ec3n \u0110\u00f4ng v\u00e0 Th\u00e1i B\u00ecnh D\u01b0\u01a1ng.<br style=\"line-height:10px\"><\/br>\n\nDi\u1ec7n t\u00edch: <b>331.211,6<\/b> km\u00b2<br>\nD\u00e2n s\u1ed1: <b>99.501.269 ng\u01b0\u1eddi<\/b> <i>(s\u1ed1 li\u1ec7u n\u0103m 2024)<\/i><br>\nTh\u1ee7 \u0111\u00f4: <b>H\u00e0 N\u1ed9i<\/b><br>\n\n<br style=\"line-height:10px\">\nN\u01b0\u1edbc C\u1ed9ng ho\u00e0 X\u00e3 h\u1ed9i ch\u1ee7 ngh\u0129a Vi\u1ec7t Nam l\u00e0 m\u1ed9t d\u1ea3i \u0111\u1ea5t h\u00ecnh ch\u1eef S, n\u1eb1m \u1edf trung t\u00e2m khu v\u1ef1c \u0110\u00f4ng Nam \u00c1, \u1edf ph\u00eda \u0111\u00f4ng b\u00e1n \u0111\u1ea3o \u0110\u00f4ng D\u01b0\u01a1ng, ph\u00eda b\u1eafc gi\u00e1p Trung Qu\u1ed1c, ph\u00eda t\u00e2y gi\u00e1p L\u00e0o, Campuchia, ph\u00eda \u0111\u00f4ng nam tr\u00f4ng ra bi\u1ec3n \u0110\u00f4ng v\u00e0 Th\u00e1i B\u00ecnh D\u01b0\u01a1ng. B\u1edd bi\u1ec3n Vi\u1ec7t Nam d\u00e0i 3 260 km, bi\u00ean gi\u1edbi \u0111\u1ea5t li\u1ec1n d\u00e0i 4 510 km. Tr\u00ean \u0111\u1ea5t li\u1ec1n, t\u1eeb \u0111i\u1ec3m c\u1ef1c B\u1eafc \u0111\u1ebfn \u0111i\u1ec3m c\u1ef1c Nam (theo \u0111\u01b0\u1eddng chim bay) d\u00e0i 1 650km, t\u1eeb \u0111i\u1ec3m c\u1ef1c \u0110\u00f4ng sang \u0111i\u1ec3m c\u1ef1c T\u00e2y n\u01a1i r\u1ed9ng nh\u1ea5t 600km (B\u1eafc b\u1ed9), 400 km (Nam b\u1ed9), n\u01a1i h\u1eb9p nh\u1ea5t 50km (Qu\u1ea3ng B\u00ecnh).\n<br style=\"line-height:10px\"><\/br>\nKinh tuy\u1ebfn: <b>102\u00ba 08\u2032 \u2013 109\u00ba 28\u2032 \u0111\u00f4ng<\/b><br>\nV\u0129 tuy\u1ebfn: <b>8\u00ba 02\u2032 \u2013 23\u00ba 23\u2032 b\u1eafc<\/b>\n<br style=\"line-height:10px\"><\/br>\n\nVi\u1ec7t Nam l\u00e0 \u0111\u1ea7u m\u1ed1i giao th\u00f4ng t\u1eeb \u1ea4n \u0110\u1ed9 D\u01b0\u01a1ng sang Th\u00e1i B\u00ecnh D\u01b0\u01a1ng.\n<br style=\"line-height:10px\"><\/br>\nKh\u00ed h\u1eadu: <b>Vi\u1ec7t Nam l\u00e0 n\u01b0\u1edbc nhi\u1ec7t \u0111\u1edbi gi\u00f3 m\u00f9a;<\/b><br>\n\u0110\u1ecba h\u00ecnh: <b>L\u00e3nh th\u1ed5 Vi\u1ec7t Nam bao g\u1ed3m 3 ph\u1ea7n 4 l\u00e0 \u0111\u1ed3i n\u00fai;<\/b><br>\nT\u00e0i nguy\u00ean: <b>Vi\u1ec7t Nam c\u00f3 ngu\u1ed3n t\u00e0i nguy\u00ean v\u00f4 c\u00f9ng phong ph\u00fa nh\u01b0: t\u00e0i nguy\u00ean r\u1eebng, t\u00e0i nguy\u00ean th\u1ee7y h\u1ea3i s\u1ea3n, t\u00e0i nguy\u00ean du l\u1ecbch v\u00e0 nhi\u1ec1u lo\u1ea1i kho\u00e1ng s\u1ea3n \u0111a d\u1ea1ng.<\/b><br>\n\u0110\u01a1n v\u1ecb h\u00e0nh ch\u00ednh: <b>Vi\u1ec7t Nam c\u00f3 63 t\u1ec9nh v\u00e0 th\u00e0nh ph\u1ed1.<\/b><br><\/p>\n\t\t\t\t\t\t\t\t\t<\/div>\n                                <\/div>\n                            <\/div>\n                        <\/div>\n                    <\/div>\n                    <div class=\"col-lg-4 col-md-6 col-sm-12 inner-column\">\n\t\t\t\t\t\t                        <div class=\"feature-block-one\">\n                            <div class=\"inner-box\">\n                                <figure class=\"image-box\"><img decoding=\"async\" src=\"https:\/\/vnembassy-uae.com\/wp-content\/uploads\/2024\/07\/map.png\" alt=\"Awesome Image\"><\/figure>\n                                \n                            <\/div>\n                        <\/div>\n                                                <div class=\"feature-block-one\">\n                            <div class=\"inner-box\">\n                                <figure class=\"image-box\"><img decoding=\"async\" src=\"https:\/\/vnembassy-uae.com\/wp-content\/uploads\/2024\/07\/mapvn.png\" alt=\"Awesome Image\"><\/figure>\n                                \n                            <\/div>\n                        <\/div>\n                                            <\/div>\n                    \n                <\/div>\n            <\/div>\n        <\/section>\n        <!-- about-style-three end -->\n\n        \t\t\t\t<\/div>\n\t\t\t\t<\/div>\n\t\t\t\t\t<\/div>\n\t\t<\/div>\n\t\t\t\t\t<\/div>\n\t\t<\/section>\n\t\t\t\t<section class=\"elementor-section elementor-top-section elementor-element elementor-element-e482901 elementor-section-full_width elementor-section-height-default elementor-section-height-default\" data-id=\"e482901\" data-element_type=\"section\">\n\t\t\t\t\t\t<div class=\"elementor-container elementor-column-gap-default\">\n\t\t\t\t\t<div class=\"elementor-column elementor-col-100 elementor-top-column elementor-element elementor-element-5988bed\" data-id=\"5988bed\" data-element_type=\"column\">\n\t\t\t<div class=\"elementor-widget-wrap elementor-element-populated\">\n\t\t\t\t\t\t<div class=\"elementor-element elementor-element-907e4b2 elementor-widget elementor-widget-image\" data-id=\"907e4b2\" data-element_type=\"widget\" data-widget_type=\"image.default\">\n\t\t\t\t<div class=\"elementor-widget-container\">\n\t\t\t\t\t\t\t\t\t\t\t\t\t\t\t<img fetchpriority=\"high\" decoding=\"async\" width=\"525\" height=\"767\" src=\"https:\/\/vnembassy-uae.com\/wp-content\/uploads\/2024\/07\/Vietnam-map-701x1024.gif\" class=\"attachment-large size-large wp-image-1628\" alt=\"\" srcset=\"https:\/\/vnembassy-uae.com\/wp-content\/uploads\/2024\/07\/Vietnam-map-701x1024.gif 701w, https:\/\/vnembassy-uae.com\/wp-content\/uploads\/2024\/07\/Vietnam-map-205x300.gif 205w, https:\/\/vnembassy-uae.com\/wp-content\/uploads\/2024\/07\/Vietnam-map-768x1121.gif 768w\" sizes=\"(max-width: 525px) 100vw, 525px\" \/>\t\t\t\t\t\t\t\t\t\t\t\t\t\t\t<\/div>\n\t\t\t\t<\/div>\n\t\t\t\t<div class=\"elementor-element elementor-element-eb591f7 elementor-widget elementor-widget-spacer\" data-id=\"eb591f7\" data-element_type=\"widget\" data-widget_type=\"spacer.default\">\n\t\t\t\t<div class=\"elementor-widget-container\">\n\t\t\t\t\t\t\t<div class=\"elementor-spacer\">\n\t\t\t<div class=\"elementor-spacer-inner\"><\/div>\n\t\t<\/div>\n\t\t\t\t\t\t<\/div>\n\t\t\t\t<\/div>\n\t\t\t\t\t<\/div>\n\t\t<\/div>\n\t\t\t\t\t<\/div>\n\t\t<\/section>\n\t\t\t\t<\/div>\n\t\t","protected":false},"excerpt":{"rendered":"","protected":false},"author":1,"featured_media":0,"parent":0,"menu_order":0,"comment_status":"closed","ping_status":"closed","template":"tpl-default-elementor.php","meta":{"footnotes":""},"class_list":["post-2283","page","type-page","status-publish","hentry"],"_links":{"self":[{"href":"https:\/\/vnembassy-uae.com\/en\/wp-json\/wp\/v2\/pages\/2283","targetHints":{"allow":["GET"]}}],"collection":[{"href":"https:\/\/vnembassy-uae.com\/en\/wp-json\/wp\/v2\/pages"}],"about":[{"href":"https:\/\/vnembassy-uae.com\/en\/wp-json\/wp\/v2\/types\/page"}],"author":[{"embeddable":true,"href":"https:\/\/vnembassy-uae.com\/en\/wp-json\/wp\/v2\/users\/1"}],"replies":[{"embeddable":true,"href":"https:\/\/vnembassy-uae.com\/en\/wp-json\/wp\/v2\/comments?post=2283"}],"version-history":[{"count":1,"href":"https:\/\/vnembassy-uae.com\/en\/wp-json\/wp\/v2\/pages\/2283\/revisions"}],"predecessor-version":[{"id":2284,"href":"https:\/\/vnembassy-uae.com\/en\/wp-json\/wp\/v2\/pages\/2283\/revisions\/2284"}],"wp:attachment":[{"href":"https:\/\/vnembassy-uae.com\/en\/wp-json\/wp\/v2\/media?parent=2283"}],"curies":[{"name":"wp","href":"https:\/\/api.w.org\/{rel}","templated":true}]}}