{"id":2265,"date":"2021-05-29T18:40:56","date_gmt":"2021-05-29T18:40:56","guid":{"rendered":"https:\/\/vnembassy-uae.com\/?page_id=2265"},"modified":"2024-07-12T04:12:56","modified_gmt":"2024-07-12T04:12:56","slug":"history","status":"publish","type":"page","link":"https:\/\/vnembassy-uae.com\/en\/history\/","title":{"rendered":"History"},"content":{"rendered":"\t\t<div data-elementor-type=\"wp-page\" data-elementor-id=\"2265\" class=\"elementor elementor-2265\">\n\t\t\t\t\t\t<section class=\"elementor-section elementor-top-section elementor-element elementor-element-8ffdff9 elementor-section-full_width elementor-section-height-default elementor-section-height-default\" data-id=\"8ffdff9\" data-element_type=\"section\">\n\t\t\t\t\t\t<div class=\"elementor-container elementor-column-gap-default\">\n\t\t\t\t\t<div class=\"elementor-column elementor-col-100 elementor-top-column elementor-element elementor-element-b55558f\" data-id=\"b55558f\" data-element_type=\"column\">\n\t\t\t<div class=\"elementor-widget-wrap elementor-element-populated\">\n\t\t\t\t\t\t<div class=\"elementor-element elementor-element-744e134 elementor-widget elementor-widget-whitehall_history\" data-id=\"744e134\" data-element_type=\"widget\" data-widget_type=\"whitehall_history.default\">\n\t\t\t\t<div class=\"elementor-widget-container\">\n\t\t\t\t\t        \n        <!-- history-section -->\n        <section class=\"history-section\">\n            <figure class=\"image-layer\"><img decoding=\"async\" src=\"https:\/\/vnembassy-uae.com\/wp-content\/uploads\/2024\/06\/td.png\" alt=\"Awesome Image\"><\/figure>\n            <div class=\"auto-container\">\n                <div class=\"row clearfix\">\n                    <div class=\"col-lg-4 col-md-12 col-sm-12 title-column\">\n                        <div class=\"sec-title\">\n\t\t\t\t\t\t\t\t\t\t\t\t\t\t<h6><i class=\"flaticon-star\"><\/i><span>\u0110\u1ea0I S\u1ee8 QU\u00c1N VI\u1ec6T NAM T\u1ea0I UAE<\/span><\/h6>\n\t\t\t\t\t\t\t\n\t\t\t\t\t\t\t\t\t\t\t\t\t\t<h2>QUAN H\u1ec6 H\u1ee2P T\u00c1C GI\u1eeeA VI\u1ec6T NAM V\u00c0 UAE<\/h2>\n\t\t\t\t\t\t\t<div class=\"title-shape\"><\/div>\n\t\t\t\t\t\t\t\t\t\t\t\t\t\t\n                            <p>Quan h\u1ec7 h\u1ee3p t\u00e1c gi\u1eefa Vi\u1ec7t Nam v\u00e0 UAE th\u1eddi gian qua ph\u00e1t tri\u1ec3n t\u1ed1t \u0111\u1eb9p. UAE coi Vi\u1ec7t Nam l\u00e0 \u0111\u1ed1i t\u00e1c quan tr\u1ecdng t\u1ea1i khu v\u1ef1c ch\u00e2u \u00c1 - Th\u00e1i B\u00ecnh D\u01b0\u01a1ng, mong mu\u1ed1n t\u0103ng c\u01b0\u1eddng h\u1ee3p t\u00e1c v\u1edbi Vi\u1ec7t Nam tr\u00ean t\u1ea5t c\u1ea3 c\u00e1c l\u0129nh v\u1ef1c. \u0110\u1eb7c bi\u1ec7t, n\u0103m 2023 k\u1ef7 ni\u1ec7m 30 n\u0103m thi\u1ebft l\u1eadp quan h\u1ec7 ngo\u1ea1i giao gi\u1eefa Vi\u1ec7t Nam v\u00e0 UAE<\/p>\n                        <\/div>\n                    <\/div>\n                    <div class=\"col-lg-8 col-md-12 col-sm-12 inner-column\">\n                        <div class=\"inner-box\">\n                                                        <div class=\"single-item style-one\">\n                                <figure class=\"image-box\"><img decoding=\"async\" src=\"https:\/\/vnembassy-uae.com\/wp-content\/uploads\/2024\/06\/child.png\" alt=\"Awesome Image\"><\/figure>\n                                <div class=\"text\">\n                                    <span>1993<\/span>\n                                    <h6>01\/8\/1993<\/h6>\n                                    <h4>Thi\u1ebft l\u1eadp quan h\u1ec7 ngo\u1ea1i giao<\/h4>\n                                    <p>Quan h\u1ec7 ngo\u1ea1i giao ch\u00ednh th\u1ee9c gi\u1eefa Vi\u1ec7t Nam v\u00e0 UAE \u0111\u01b0\u1ee3c thi\u1ebft l\u1eadp ng\u00e0y 1\/8\/1993.<\/p>\n                                <\/div>\n                            <\/div>\n\t\t\t\t\t\t\t                            <div class=\"single-item style-two text-right\">\n                                <figure class=\"image-box\"><img decoding=\"async\" src=\"https:\/\/vnembassy-uae.com\/wp-content\/uploads\/2024\/06\/uae.png\" alt=\"Awesome Image\"><\/figure>\n                                <div class=\"text\">\n                                    <span>2008<\/span>\n                                    <h6>2008<\/h6>\n                                    <h4>N\u00e2ng c\u1ea5p ngo\u1ea1i giao<\/h4>\n                                    <p>Vi\u1ec7t Nam n\u00e2ng c\u1ea5p T\u1ed5ng L\u00e3nh s\u1ef1 qu\u00e1n th\u00e0nh \u0110\u1ea1i s\u1ee9 qu\u00e1n t\u1ea1i Abu Dhabi.\n<\/br>\n<\/br>\nUAE m\u1edf \u0110\u1ea1i s\u1ee9 qu\u00e1n t\u1ea1i H\u00e0 N\u1ed9i.<\/p>\n                                <\/div>\n                            <\/div>\n\t\t\t\t\t\t\t                            <div class=\"single-item style-one\">\n                                <figure class=\"image-box\"><img decoding=\"async\" src=\"https:\/\/vnembassy-uae.com\/wp-content\/uploads\/2024\/06\/hiepdinh1.png\" alt=\"Awesome Image\"><\/figure>\n                                <div class=\"text\">\n                                    <span>2009<\/span>\n                                    <h6>16\/2\/2009<\/h6>\n                                    <h4>Hi\u1ec7p \u0111\u1ecbnh h\u1ee3p t\u00e1c to\u00e0n di\u1ec7n<\/h4>\n                                    <p>Th\u1ee7 t\u01b0\u1edbng Nguy\u1ec5n T\u1ea5n D\u0169ng ph\u00ea duy\u1ec7t Hi\u1ec7p \u0111\u1ecbnh th\u00e0nh l\u1eadp \u1ee6y ban li\u00ean Ch\u00ednh ph\u1ee7 v\u1ec1 h\u1ee3p t\u00e1c gi\u1eefa Ch\u00ednh ph\u1ee7 n\u01b0\u1edbc C\u1ed9ng h\u00f2a x\u00e3 h\u1ed9i ch\u1ee7 ngh\u0129a Vi\u1ec7t Nam v\u00e0 Ch\u00ednh ph\u1ee7 C\u00e1c ti\u1ec3u v\u01b0\u01a1ng qu\u1ed1c A-r\u1eadp th\u1ed1ng nh\u1ea5t \u0111\u01b0\u1ee3c k\u00fd t\u1ea1i Du-bai (UAE)<\/p>\n                                <\/div>\n                            <\/div>\n\t\t\t\t\t\t\t                            <div class=\"single-item style-two text-right\">\n                                <figure class=\"image-box\"><img decoding=\"async\" src=\"https:\/\/vnembassy-uae.com\/wp-content\/uploads\/2024\/06\/30yuae.png\" alt=\"Awesome Image\"><\/figure>\n                                <div class=\"text\">\n                                    <span>2023<\/span>\n                                    <h6>2023<\/h6>\n                                    <h4>K\u1ef7 ni\u1ec7m 30 n\u0103m thi\u1ebft l\u1eadp quan h\u1ec7 ngo\u1ea1i giao<\/h4>\n                                    <p>Trong 30 n\u0103m qua, quan h\u1ec7 h\u1eefu ngh\u1ecb v\u00e0 h\u1ee3p t\u00e1c gi\u1eefa hai n\u01b0\u1edbc ng\u00e0y c\u00e0ng ph\u00e1t tri\u1ec3n t\u00edch c\u1ef1c tr\u00ean nhi\u1ec1u l\u0129nh v\u1ef1c. UAE l\u00e0 \u0111\u1ed1i t\u00e1c th\u01b0\u01a1ng m\u1ea1i l\u1edbn nh\u1ea5t c\u1ee7a Vi\u1ec7t Nam t\u1ea1i khu v\u1ef1c Trung \u0110\u00f4ng - B\u1eafc Phi. Vi\u1ec7t Nam l\u00e0 \u0111\u1ed1i t\u00e1c l\u1edbn nh\u1ea5t c\u1ee7a UAE trong ASEAN.<\/p>\n                                <\/div>\n                            <\/div>\n\t\t\t\t\t\t\t                        <\/div>\n                    <\/div>\n                <\/div>\n            <\/div>\n        <\/section>\n        <!-- history-section -->\n\n        \t\t\t\t<\/div>\n\t\t\t\t<\/div>\n\t\t\t\t\t<\/div>\n\t\t<\/div>\n\t\t\t\t\t<\/div>\n\t\t<\/section>\n\t\t\t\t<\/div>\n\t\t","protected":false},"excerpt":{"rendered":"","protected":false},"author":1,"featured_media":0,"parent":0,"menu_order":0,"comment_status":"closed","ping_status":"closed","template":"tpl-default-elementor.php","meta":{"footnotes":""},"class_list":["post-2265","page","type-page","status-publish","hentry"],"_links":{"self":[{"href":"https:\/\/vnembassy-uae.com\/en\/wp-json\/wp\/v2\/pages\/2265","targetHints":{"allow":["GET"]}}],"collection":[{"href":"https:\/\/vnembassy-uae.com\/en\/wp-json\/wp\/v2\/pages"}],"about":[{"href":"https:\/\/vnembassy-uae.com\/en\/wp-json\/wp\/v2\/types\/page"}],"author":[{"embeddable":true,"href":"https:\/\/vnembassy-uae.com\/en\/wp-json\/wp\/v2\/users\/1"}],"replies":[{"embeddable":true,"href":"https:\/\/vnembassy-uae.com\/en\/wp-json\/wp\/v2\/comments?post=2265"}],"version-history":[{"count":1,"href":"https:\/\/vnembassy-uae.com\/en\/wp-json\/wp\/v2\/pages\/2265\/revisions"}],"predecessor-version":[{"id":2266,"href":"https:\/\/vnembassy-uae.com\/en\/wp-json\/wp\/v2\/pages\/2265\/revisions\/2266"}],"wp:attachment":[{"href":"https:\/\/vnembassy-uae.com\/en\/wp-json\/wp\/v2\/media?parent=2265"}],"curies":[{"name":"wp","href":"https:\/\/api.w.org\/{rel}","templated":true}]}}